{"id":743,"date":"2025-07-29T22:37:41","date_gmt":"2025-07-29T22:37:41","guid":{"rendered":"https:\/\/www.pranajoyeros.com\/?post_type=product&#038;p=743"},"modified":"2025-07-29T22:40:31","modified_gmt":"2025-07-29T22:40:31","slug":"cuarzo-rosa-om","status":"publish","type":"product","link":"https:\/\/www.pranajoyeros.com\/?product=cuarzo-rosa-om","title":{"rendered":"Cuarzo rosa-OM"},"content":{"rendered":"<p class=\"p1\">\u00daNICO E IRREVENTENTE &#8211; RESISTENTE Y APETECIDO<\/p>\n<p>Selecciona el tama\u00f1o que m\u00e1s te guste<\/p>\n<p><span style=\"color: #000000; font-family: Helvetica Neue; font-size: small;\">2 Tama\u00f1os de piedra 6mm \/ 8mm<\/span><\/p>\n","protected":false},"excerpt":{"rendered":"<p>\u00daNICO E IRREVENTENTE &#8211; RESISTENTE Y APETECIDO Selecciona el tama\u00f1o que m\u00e1s te guste 2 Tama\u00f1os de piedra 6mm \/ 8mm<\/p>\n","protected":false},"featured_media":741,"comment_status":"open","ping_status":"closed","template":"","meta":{"_joinchat":[]},"product_brand":[20],"product_cat":[29],"product_tag":[33],"class_list":{"0":"post-743","1":"product","2":"type-product","3":"status-publish","4":"has-post-thumbnail","6":"product_brand-prana-joyeros","7":"product_cat-joyeria-artesanal","8":"product_tag-mujer","10":"first","11":"instock","12":"shipping-taxable","13":"purchasable","14":"product-type-variable"},"_links":{"self":[{"href":"https:\/\/www.pranajoyeros.com\/index.php?rest_route=\/wp\/v2\/product\/743","targetHints":{"allow":["GET"]}}],"collection":[{"href":"https:\/\/www.pranajoyeros.com\/index.php?rest_route=\/wp\/v2\/product"}],"about":[{"href":"https:\/\/www.pranajoyeros.com\/index.php?rest_route=\/wp\/v2\/types\/product"}],"replies":[{"embeddable":true,"href":"https:\/\/www.pranajoyeros.com\/index.php?rest_route=%2Fwp%2Fv2%2Fcomments&post=743"}],"wp:featuredmedia":[{"embeddable":true,"href":"https:\/\/www.pranajoyeros.com\/index.php?rest_route=\/wp\/v2\/media\/741"}],"wp:attachment":[{"href":"https:\/\/www.pranajoyeros.com\/index.php?rest_route=%2Fwp%2Fv2%2Fmedia&parent=743"}],"wp:term":[{"taxonomy":"product_brand","embeddable":true,"href":"https:\/\/www.pranajoyeros.com\/index.php?rest_route=%2Fwp%2Fv2%2Fproduct_brand&post=743"},{"taxonomy":"product_cat","embeddable":true,"href":"https:\/\/www.pranajoyeros.com\/index.php?rest_route=%2Fwp%2Fv2%2Fproduct_cat&post=743"},{"taxonomy":"product_tag","embeddable":true,"href":"https:\/\/www.pranajoyeros.com\/index.php?rest_route=%2Fwp%2Fv2%2Fproduct_tag&post=743"}],"curies":[{"name":"wp","href":"https:\/\/api.w.org\/{rel}","templated":true}]}}