{"id":437,"date":"2025-06-27T23:06:44","date_gmt":"2025-06-27T23:06:44","guid":{"rendered":"https:\/\/www.pranajoyeros.com\/?post_type=product&#038;p=437"},"modified":"2025-07-30T19:17:24","modified_gmt":"2025-07-30T19:17:24","slug":"pulso-grabado","status":"publish","type":"product","link":"https:\/\/www.pranajoyeros.com\/?product=pulso-grabado","title":{"rendered":"Pulso Grabado"},"content":{"rendered":"<p class=\"p1\">ELEGANTE Y BRILLANTE &#8211; RESISTENTE Y APETECIDO<\/p>\n<p>Selecciona el tama\u00f1o que m\u00e1s te guste tambi\u00e9n puedes seleccionar con placa o sin placa<\/p>\n","protected":false},"excerpt":{"rendered":"<p>Cadera de ORO LAMINADO, nuestra cadena de Oro Laminado es resistente a:<\/p>\n<ul>\n<li>Lociones<\/li>\n<li>Sudor<\/li>\n<li>Piscinas<\/li>\n<li>Mar<\/li>\n<\/ul>\n","protected":false},"featured_media":444,"comment_status":"open","ping_status":"closed","template":"","meta":{"_joinchat":[]},"product_brand":[20],"product_cat":[25],"product_tag":[32],"class_list":{"0":"post-437","1":"product","2":"type-product","3":"status-publish","4":"has-post-thumbnail","6":"product_brand-prana-joyeros","7":"product_cat-pulso","8":"product_tag-hombre","10":"first","11":"instock","12":"shipping-taxable","13":"purchasable","14":"product-type-variable"},"_links":{"self":[{"href":"https:\/\/www.pranajoyeros.com\/index.php?rest_route=\/wp\/v2\/product\/437","targetHints":{"allow":["GET"]}}],"collection":[{"href":"https:\/\/www.pranajoyeros.com\/index.php?rest_route=\/wp\/v2\/product"}],"about":[{"href":"https:\/\/www.pranajoyeros.com\/index.php?rest_route=\/wp\/v2\/types\/product"}],"replies":[{"embeddable":true,"href":"https:\/\/www.pranajoyeros.com\/index.php?rest_route=%2Fwp%2Fv2%2Fcomments&post=437"}],"wp:featuredmedia":[{"embeddable":true,"href":"https:\/\/www.pranajoyeros.com\/index.php?rest_route=\/wp\/v2\/media\/444"}],"wp:attachment":[{"href":"https:\/\/www.pranajoyeros.com\/index.php?rest_route=%2Fwp%2Fv2%2Fmedia&parent=437"}],"wp:term":[{"taxonomy":"product_brand","embeddable":true,"href":"https:\/\/www.pranajoyeros.com\/index.php?rest_route=%2Fwp%2Fv2%2Fproduct_brand&post=437"},{"taxonomy":"product_cat","embeddable":true,"href":"https:\/\/www.pranajoyeros.com\/index.php?rest_route=%2Fwp%2Fv2%2Fproduct_cat&post=437"},{"taxonomy":"product_tag","embeddable":true,"href":"https:\/\/www.pranajoyeros.com\/index.php?rest_route=%2Fwp%2Fv2%2Fproduct_tag&post=437"}],"curies":[{"name":"wp","href":"https:\/\/api.w.org\/{rel}","templated":true}]}}