{"id":245,"date":"2025-06-27T04:29:52","date_gmt":"2025-06-27T04:29:52","guid":{"rendered":"https:\/\/www.pranajoyeros.com\/?post_type=product&#038;p=245"},"modified":"2025-07-29T23:20:15","modified_gmt":"2025-07-29T23:20:15","slug":"cadena-egipcia","status":"publish","type":"product","link":"https:\/\/www.pranajoyeros.com\/?product=cadena-egipcia","title":{"rendered":"Cadena Egipcia"},"content":{"rendered":"<p class=\"p1\">UN DISE\u00d1O BRILLANTE<\/p>\n<p class=\"p1\">La Cadena Egipcia es la m\u00e1s ce\u00f1ida al cuello. Tiene paneles como espejos que dan un brillo \u00fanicos.<\/p>\n<p>Cadera de ORO LAMINADO, nuestra cadena de Oro Laminado es resistente a:<\/p>\n<ul>\n<li>Lociones<\/li>\n<li>Sudor<\/li>\n<li>Piscinas<\/li>\n<li>Mar<\/li>\n<\/ul>\n","protected":false},"excerpt":{"rendered":"<p>UN DISE\u00d1O BRILLANTE La Cadena Egipcia es la m\u00e1s ce\u00f1ida al cuello. Tiene paneles como espejos que dan un brillo \u00fanicos. Cadera de ORO LAMINADO, nuestra cadena de Oro Laminado es resistente a: Lociones Sudor Piscinas Mar<\/p>\n","protected":false},"featured_media":253,"comment_status":"open","ping_status":"closed","template":"","meta":{"_joinchat":[]},"product_brand":[20],"product_cat":[21],"product_tag":[32,33],"class_list":{"0":"post-245","1":"product","2":"type-product","3":"status-publish","4":"has-post-thumbnail","6":"product_brand-prana-joyeros","7":"product_cat-cadena","8":"product_tag-hombre","9":"product_tag-mujer","11":"first","12":"instock","13":"shipping-taxable","14":"purchasable","15":"product-type-variable"},"_links":{"self":[{"href":"https:\/\/www.pranajoyeros.com\/index.php?rest_route=\/wp\/v2\/product\/245","targetHints":{"allow":["GET"]}}],"collection":[{"href":"https:\/\/www.pranajoyeros.com\/index.php?rest_route=\/wp\/v2\/product"}],"about":[{"href":"https:\/\/www.pranajoyeros.com\/index.php?rest_route=\/wp\/v2\/types\/product"}],"replies":[{"embeddable":true,"href":"https:\/\/www.pranajoyeros.com\/index.php?rest_route=%2Fwp%2Fv2%2Fcomments&post=245"}],"wp:featuredmedia":[{"embeddable":true,"href":"https:\/\/www.pranajoyeros.com\/index.php?rest_route=\/wp\/v2\/media\/253"}],"wp:attachment":[{"href":"https:\/\/www.pranajoyeros.com\/index.php?rest_route=%2Fwp%2Fv2%2Fmedia&parent=245"}],"wp:term":[{"taxonomy":"product_brand","embeddable":true,"href":"https:\/\/www.pranajoyeros.com\/index.php?rest_route=%2Fwp%2Fv2%2Fproduct_brand&post=245"},{"taxonomy":"product_cat","embeddable":true,"href":"https:\/\/www.pranajoyeros.com\/index.php?rest_route=%2Fwp%2Fv2%2Fproduct_cat&post=245"},{"taxonomy":"product_tag","embeddable":true,"href":"https:\/\/www.pranajoyeros.com\/index.php?rest_route=%2Fwp%2Fv2%2Fproduct_tag&post=245"}],"curies":[{"name":"wp","href":"https:\/\/api.w.org\/{rel}","templated":true}]}}