{"id":165,"date":"2025-06-26T23:25:07","date_gmt":"2025-06-26T23:25:07","guid":{"rendered":"https:\/\/www.pranajoyeros.com\/?post_type=product&#038;p=165"},"modified":"2025-07-29T23:16:39","modified_gmt":"2025-07-29T23:16:39","slug":"cadena-cartier","status":"publish","type":"product","link":"https:\/\/www.pranajoyeros.com\/?product=cadena-cartier","title":{"rendered":"Cadena Cartier"},"content":{"rendered":"<p class=\"p1\">CL\u00c1SICA Y FANT\u00c1STICA<\/p>\n<p class=\"p1\">La Cadena Carter se ve m\u00e1s elegante por su eslab\u00f3n m\u00e1s largo, que la hacen diferente.<\/p>\n<p>Cadera de ORO LAMINADO, nuestra cadena de Oro Laminado es resistente a:<\/p>\n<ul>\n<li>Lociones<\/li>\n<li>Sudor<\/li>\n<li>Piscinas<\/li>\n<li>Mar<\/li>\n<\/ul>\n","protected":false},"excerpt":{"rendered":"<p>CL\u00c1SICA Y FANT\u00c1STICA La Cadena Carter se ve m\u00e1s elegante por su eslab\u00f3n m\u00e1s largo, que la hacen diferente. Cadera de ORO LAMINADO, nuestra cadena de Oro Laminado es resistente a: Lociones Sudor Piscinas Mar<\/p>\n","protected":false},"featured_media":173,"comment_status":"open","ping_status":"closed","template":"","meta":{"_joinchat":[]},"product_brand":[20],"product_cat":[21],"product_tag":[32,33],"class_list":{"0":"post-165","1":"product","2":"type-product","3":"status-publish","4":"has-post-thumbnail","6":"product_brand-prana-joyeros","7":"product_cat-cadena","8":"product_tag-hombre","9":"product_tag-mujer","11":"first","12":"instock","13":"shipping-taxable","14":"purchasable","15":"product-type-variable"},"_links":{"self":[{"href":"https:\/\/www.pranajoyeros.com\/index.php?rest_route=\/wp\/v2\/product\/165","targetHints":{"allow":["GET"]}}],"collection":[{"href":"https:\/\/www.pranajoyeros.com\/index.php?rest_route=\/wp\/v2\/product"}],"about":[{"href":"https:\/\/www.pranajoyeros.com\/index.php?rest_route=\/wp\/v2\/types\/product"}],"replies":[{"embeddable":true,"href":"https:\/\/www.pranajoyeros.com\/index.php?rest_route=%2Fwp%2Fv2%2Fcomments&post=165"}],"wp:featuredmedia":[{"embeddable":true,"href":"https:\/\/www.pranajoyeros.com\/index.php?rest_route=\/wp\/v2\/media\/173"}],"wp:attachment":[{"href":"https:\/\/www.pranajoyeros.com\/index.php?rest_route=%2Fwp%2Fv2%2Fmedia&parent=165"}],"wp:term":[{"taxonomy":"product_brand","embeddable":true,"href":"https:\/\/www.pranajoyeros.com\/index.php?rest_route=%2Fwp%2Fv2%2Fproduct_brand&post=165"},{"taxonomy":"product_cat","embeddable":true,"href":"https:\/\/www.pranajoyeros.com\/index.php?rest_route=%2Fwp%2Fv2%2Fproduct_cat&post=165"},{"taxonomy":"product_tag","embeddable":true,"href":"https:\/\/www.pranajoyeros.com\/index.php?rest_route=%2Fwp%2Fv2%2Fproduct_tag&post=165"}],"curies":[{"name":"wp","href":"https:\/\/api.w.org\/{rel}","templated":true}]}}